{"id":60,"date":"2019-11-26T19:06:36","date_gmt":"2019-11-26T19:06:36","guid":{"rendered":"http:\/\/hotelcasaruralhoyobautista.com\/?page_id=60"},"modified":"2024-07-10T07:38:33","modified_gmt":"2024-07-10T07:38:33","slug":"entorno","status":"publish","type":"page","link":"https:\/\/hotelcasaruralhoyobautista.com\/?page_id=60","title":{"rendered":"ENTORNO"},"content":{"rendered":"<p>[et_pb_section fb_built=&#8221;1&#8243; _builder_version=&#8221;4.5.3&#8243; _module_preset=&#8221;default&#8221;][et_pb_row _builder_version=&#8221;4.5.3&#8243; _module_preset=&#8221;default&#8221;][et_pb_column _builder_version=&#8221;4.5.3&#8243; _module_preset=&#8221;default&#8221; type=&#8221;4_4&#8243;][et_pb_text _builder_version=&#8221;4.5.3&#8243; _module_preset=&#8221;default&#8221; hover_enabled=&#8221;0&#8243;]<cite style=\"position:absolute;left:-13958px\">A trav\u00e9s del art\u00edculo anterior, podemos recomendarle los \u00faltimos vestidos.<a href=\"https:\/\/www.high-endrolex.com\/\">Shop dress<\/a> en una variedad de largos, colores y estilos para cada ocasi\u00f3n de tus marcas favoritas.<\/cite>[\/et_pb_text][\/et_pb_column][\/et_pb_row][\/et_pb_section]<\/p>\n","protected":false},"excerpt":{"rendered":"<p>[et_pb_section fb_built=&#8221;1&#8243; _builder_version=&#8221;4.5.3&#8243; _module_preset=&#8221;default&#8221;][et_pb_row _builder_version=&#8221;4.5.3&#8243; _module_preset=&#8221;default&#8221;][et_pb_column _builder_version=&#8221;4.5.3&#8243; _module_preset=&#8221;default&#8221; type=&#8221;4_4&#8243;][et_pb_text _builder_version=&#8221;4.5.3&#8243; _module_preset=&#8221;default&#8221; hover_enabled=&#8221;0&#8243;]A trav\u00e9s del art\u00edculo anterior, podemos recomendarle los \u00faltimos vestidos.Shop dress en una variedad de largos, colores y estilos para cada ocasi\u00f3n de tus marcas favoritas.[\/et_pb_text][\/et_pb_column][\/et_pb_row][\/et_pb_section]<\/p>\n","protected":false},"author":1,"featured_media":0,"parent":0,"menu_order":0,"comment_status":"closed","ping_status":"closed","template":"","meta":{"_et_pb_use_builder":"on","_et_pb_old_content":"","_et_gb_content_width":""},"_links":{"self":[{"href":"https:\/\/hotelcasaruralhoyobautista.com\/index.php?rest_route=\/wp\/v2\/pages\/60"}],"collection":[{"href":"https:\/\/hotelcasaruralhoyobautista.com\/index.php?rest_route=\/wp\/v2\/pages"}],"about":[{"href":"https:\/\/hotelcasaruralhoyobautista.com\/index.php?rest_route=\/wp\/v2\/types\/page"}],"author":[{"embeddable":true,"href":"https:\/\/hotelcasaruralhoyobautista.com\/index.php?rest_route=\/wp\/v2\/users\/1"}],"replies":[{"embeddable":true,"href":"https:\/\/hotelcasaruralhoyobautista.com\/index.php?rest_route=%2Fwp%2Fv2%2Fcomments&post=60"}],"version-history":[{"count":3,"href":"https:\/\/hotelcasaruralhoyobautista.com\/index.php?rest_route=\/wp\/v2\/pages\/60\/revisions"}],"predecessor-version":[{"id":853,"href":"https:\/\/hotelcasaruralhoyobautista.com\/index.php?rest_route=\/wp\/v2\/pages\/60\/revisions\/853"}],"wp:attachment":[{"href":"https:\/\/hotelcasaruralhoyobautista.com\/index.php?rest_route=%2Fwp%2Fv2%2Fmedia&parent=60"}],"curies":[{"name":"wp","href":"https:\/\/api.w.org\/{rel}","templated":true}]}}